{"id":651,"date":"2020-02-06T08:41:51","date_gmt":"2020-02-06T07:41:51","guid":{"rendered":"http:\/\/firstheating.ch\/?page_id=651\/"},"modified":"2021-02-16T11:25:52","modified_gmt":"2021-02-16T10:25:52","slug":"elegant-basic","status":"publish","type":"page","link":"https:\/\/firstheating.ch\/it\/elegant-basic\/","title":{"rendered":"Elegant Basic"},"content":{"rendered":"[vc_row][vc_column][vc_column_text]\n<h2><strong style=\"font-size: 16px;\"><strong>FIRST Heating Elegant Basic \u2013 <\/strong>il riscaldatore a infrarossi di potenza\u00a0<\/strong><\/h2>\n<h4><strong>Questo riscaldatore a infrarossi piatto e senza cornice<\/strong> <strong>ha una superficie in vetro di alta qualit\u00e0 ed \u00e8 una vera gioia per gli occhi. <\/strong><\/h4>\n<p>Grazie alla loro potenza, i riscaldatori a infrarossi Elegant Basic sono anche progettati per il montaggio a soffitto e a parete. La temperatura extra-alta della superficie fornisce un calore extra in qualsiasi situazione.<\/p>\n<p>Che si tratti di riscaldamento confortevole nella zona giorno, riscaldamento aggiuntivo e puntuale in caso di bisogno o riscaldamento completo per ambienti speciali, il confort con gli elementi riscaldanti piatti di Elegant Basic \u00e8 garantito.[\/vc_column_text][\/vc_column][\/vc_row][vc_row][vc_column width=&#8221;1\/2&#8243;][vc_single_image image=&#8221;624&#8243;][\/vc_column][vc_column width=&#8221;1\/2&#8243;]<div class=\"vcex-spacing wpex-w-100 wpex-clear\" style=\"height:55px;\"><\/div><div class=\"vcex-module vcex-bullets vcex-bullets-check\">\n<ul>\n<li>\n<h3><strong>Garanzia di 5 anni<\/strong><\/h3>\n<\/li>\n<li>\n<h3><strong>I pannelli a infrarossi pi\u00f9 resistenti sul mercato in relazione alle loro dimensioni<\/strong><\/h3>\n<\/li>\n<li>\n<h3><strong>Esente da manutenzione<\/strong><\/h3>\n<\/li>\n<li>\n<h3><strong>A prova di spruzzi (classe di protezione IP54)<\/strong><\/h3>\n<\/li>\n<\/ul>\n<\/div>[\/vc_column][\/vc_row][vc_row][vc_column]<div class=\"vcex-heading vcex-module wpex-text-2xl wpex-font-normal wpex-m-auto wpex-max-w-100 vcex-heading-plain wpex-block\"><span class=\"vcex-heading-inner wpex-inline-block wpex-clr\">Applicazioni<\/span><\/div>[vc_column_text]I riscaldatori a infrarossi Elegant Basic Power vengono utilizzati in diversi luoghi, sia per il calore selettivo in caso di bisogno, sia per riscaldare interi ambienti. Per il riscaldamento di interi ambienti si consiglia l&#8217;uso di un termostato ambiente. Mentre per il calore richiesto solo selettivamente quando si \u00e8 presenti, \u00e8 sufficiente un interruttore on \/ off. Il pannello viene fornito per un&#8217;installazione fissa con un cavo da 1,90 m senza spina.[\/vc_column_text]<div class=\"vcex-spacing wpex-w-100 wpex-clear\" style=\"height:50px;\"><\/div><div class=\"vcex-heading vcex-module wpex-text-2xl wpex-font-normal wpex-m-auto wpex-max-w-100 vcex-heading-plain wpex-block\"><span class=\"vcex-heading-inner wpex-inline-block wpex-clr\">Esempi di applicazione<\/span><\/div>[vc_column_text]\n<h3>Nella zona notte, ad es. camera da letto \/ camera per gli ospiti<\/h3>\n[\/vc_column_text][\/vc_column][\/vc_row][vc_row][vc_column width=&#8221;1\/2&#8243;][vc_column_text]Le camere degli ospiti sono raramente utilizzate e vengono riscaldate inutilmente. Con l&#8217;Elegant Basic assicura un calore accogliente quando gli ospiti sono presenti. Un sistema di riscaldamento esistente pu\u00f2 fornire il calore di base, mentre l&#8217;Elegant Basic viene acceso solo quando viene utilizzata la camera degli ospiti.<\/p>\n<p>I riscaldatori FIRST Heating\u00a0 \u00a0vengono utilizzati anche come riscaldamento completo, ad es. quando si sostituiscono i riscaldatori elettrici di accumulo.[\/vc_column_text][\/vc_column][vc_column width=&#8221;1\/2&#8243;][vc_single_image image=&#8221;636&#8243; style=&#8221;vc_box_rounded&#8221;][\/vc_column][\/vc_row][vc_row][vc_column][vc_column_text]\n<h3><strong>Riscaldamento selettivo se necessario, ad es. negli uffici<\/strong><\/h3>\n[\/vc_column_text][\/vc_column][\/vc_row][vc_row][vc_column width=&#8221;1\/2&#8243;][vc_column_text]La sensazione di calore differisce da persona a persona. Soprattutto negli uffici, dove spesso lavorano diverse persone, l&#8217;Elegant Basic viene utilizzato come riscaldamento a zona per creare un clima ottimale in determinati punti. Se non \u00e8 presente nessuno, la temperatura ambiente pu\u00f2 essere ridotta, risparmiando cos\u00ec energia elettrica.<\/p>\n<p>Un vantaggio particolare: grazie alla temperatura superficiale pi\u00f9 elevata, gli Elegant Basic sono estremamente reattivi: si pu\u00f2 sentire il calore dopo solo pochi minuti.[\/vc_column_text][\/vc_column][vc_column width=&#8221;1\/2&#8243;][vc_single_image image=&#8221;630&#8243; style=&#8221;vc_box_rounded&#8221;][\/vc_column][\/vc_row][vc_row][vc_column][vc_column_text]\n<h3><strong>Palestra &amp; <\/strong><strong>zona benessere<\/strong><\/h3>\n<p>L&#8217;immagine seguente mostra uno studio di yoga in cui viene offerto &#8220;Hot Yoga&#8221;. A tale scopo, la stanza deve essere riscaldata a 40 \u00b0C per un breve periodo. Con diversi Elegant Basic 150, \u00e8 possibile riscaldare la stanza rapidamente in ogni stagione &#8211; e solo e quando la stanza viene effettivamente utilizzata.[\/vc_column_text][vc_single_image image=&#8221;627&#8243; alignment=&#8221;center&#8221; style=&#8221;vc_box_rounded&#8221;][\/vc_column][\/vc_row][vc_row][vc_column]<div class=\"vcex-heading vcex-module wpex-text-2xl wpex-font-normal wpex-m-auto wpex-max-w-100 vcex-heading-plain wpex-block\"><span class=\"vcex-heading-inner wpex-inline-block wpex-clr\">Dati tecnici<\/span><\/div>[\/vc_column][vc_column width=&#8221;1\/2&#8243;][vc_table vc_table_theme=&#8221;simple_orange&#8221;][b]Modello,[b]Dimensioni%20L%20x%20A,[b]Potenza,[b]Peso|Elegant%20Basic%2060,60%20x%2060%20cm,500%20W,9%20kg|Elegant%20Basic%2090,90%20x%2060%20cm,800%20W,12%20kg|Elegant%20Basic%20120,120%20x%2060%20cm,1000%20W,17%20kg|Elegant%20Basic%20150,150%20x%2060%20cm,1300%20W,23%20kg[\/vc_table][\/vc_column][vc_column width=&#8221;1\/2&#8243;][vc_cta h2=&#8221;Visita il negozio ecofort online:&#8221; h4=&#8221;Riscaldatori FIRST Heating con consegna gratuita&#8221; txt_align=&#8221;center&#8221; add_button=&#8221;bottom&#8221; btn_title=&#8221;ecofort Online Shop&#8221; btn_color=&#8221;warning&#8221; btn_size=&#8221;lg&#8221; btn_align=&#8221;center&#8221; btn_link=&#8221;url:https%3A%2F%2Fecofort.ch%2Ffr%2Fchauffages-infrarouges%2F148-first-heating-elegant-basic.html||target:%20_blank|&#8221; css=&#8221;.vc_custom_1592920964308{margin-right: 90px !important;}&#8221;][\/vc_cta][\/vc_column][\/vc_row][vc_row][vc_column][vc_table vc_table_theme=&#8221;simple_orange&#8221;]Tutti%20i%20modelli%20Elegant%20Basic%20,%20|Colore,Bianco%20opaco|Termostato%20ambiente%20integrato,No%2C%20(possibile%20controllo%20tramite%20termostato%20esterno)|Montaggio,Montaggio%20orizzontale%20o%20verticale%20a%20parete%20o%20soffitto%20(altezza%20min.%3A%20180%20cm)|Temperatura%20in%20superficie%20con%20montaggio%20a%20parete,ca.%20135%20%C2%B0C|Temperatura%20in%20superficie%20con%20montaggio%20a%20soffitto%20,ca.%20155%20%C2%B0C|Temperatura%20lato%20posteriore%20con%20montaggio%20a%20parete,ca.%2060%20%C2%B0C|Temperatura%20lato%20posteriore%20con%20montaggio%20a%20parete%20con%203%20cm%20di%20distanza,ca.%2075%20%C2%B0C|Temperatura%20lato%20posteriore%20con%20montaggio%20a%20parete%20con%2030%20cm%20di%20distanza,ca.%2055%20%C2%B0C|Cavo%20di%20collegamento,1.90%20m%20(senza%20spina)|Classe%20di%20protezione,IP54|Certificati,CE%2C%20SZU|Garanzia,5%20anni[\/vc_table][\/vc_column][\/vc_row]","protected":false},"excerpt":{"rendered":"<p>[vc_row][vc_column][vc_column_text] FIRST Heating Elegant Basic \u2013 il riscaldatore a infrarossi di potenza\u00a0 Questo riscaldatore a infrarossi piatto e senza cornice ha una superficie in vetro di alta qualit\u00e0 ed \u00e8 una vera gioia per gli occhi. Grazie alla loro potenza, i riscaldatori a infrarossi Elegant Basic sono anche progettati per il montaggio a soffitto e&hellip;<\/p>\n","protected":false},"author":6,"featured_media":0,"parent":0,"menu_order":0,"comment_status":"open","ping_status":"open","template":"","meta":[],"_links":{"self":[{"href":"https:\/\/firstheating.ch\/it\/wp-json\/wp\/v2\/pages\/651"}],"collection":[{"href":"https:\/\/firstheating.ch\/it\/wp-json\/wp\/v2\/pages"}],"about":[{"href":"https:\/\/firstheating.ch\/it\/wp-json\/wp\/v2\/types\/page"}],"author":[{"embeddable":true,"href":"https:\/\/firstheating.ch\/it\/wp-json\/wp\/v2\/users\/6"}],"replies":[{"embeddable":true,"href":"https:\/\/firstheating.ch\/it\/wp-json\/wp\/v2\/comments?post=651"}],"version-history":[{"count":8,"href":"https:\/\/firstheating.ch\/it\/wp-json\/wp\/v2\/pages\/651\/revisions"}],"predecessor-version":[{"id":741,"href":"https:\/\/firstheating.ch\/it\/wp-json\/wp\/v2\/pages\/651\/revisions\/741"}],"wp:attachment":[{"href":"https:\/\/firstheating.ch\/it\/wp-json\/wp\/v2\/media?parent=651"}],"curies":[{"name":"wp","href":"https:\/\/api.w.org\/{rel}","templated":true}]}}