{"id":507,"date":"2019-02-13T16:53:57","date_gmt":"2019-02-13T15:53:57","guid":{"rendered":"http:\/\/firstheating.ch\/?page_id=507\/"},"modified":"2019-02-13T16:53:57","modified_gmt":"2019-02-13T15:53:57","slug":"vantaggi","status":"publish","type":"page","link":"https:\/\/firstheating.ch\/it\/vantaggi\/","title":{"rendered":"Vantaggi"},"content":{"rendered":"[vc_row][vc_column][vc_column_text]Il sole riscalda la terra tramite raggi infrarossi. La stessa radiazione di calore \u00e8 generata dal riscaldamento a infrarossi. I raggi infrarossi penetrano nel corpo e riscaldano le superfici irradiate. Questo crea un&#8217;esperienza di calore piacevole. Anche se la temperatura ambiente \u00e8 un po\u2019 pi\u00f9 bassa del solito, non si sentir\u00e0 freddo.<\/p>\n<p>Un effetto simile pu\u00f2 essere sperimentato in una giornata di sole invernale in montagna. Sulle terrazze dei ristoranti di montagna, molti appassionati di sport invernali si godono il sole e anche se le temperature sono intorno al punto di congelamento, fa piacevolmente caldo, tanto che molti si tolgono addirittura la giacca. Un effetto simile viene prodotto anche dal riscaldamento a infrarossi che offre un piacevole calore anche con temperature pi\u00f9 fredde.<\/p>\n<h2><strong>I vantaggi economici dei riscaldatori a raggi infrarossi <\/strong><\/h2>\n<p>Rispetto ad altri sistemi di riscaldamento, i riscaldatori a infrarossi sono un&#8217;alternativa economica e molto favorevole nel loro acquisto, poich\u00e9 i costi di installazione sono quasi pari a zero. Non \u00e8 richiesto alcun sistema di scarico o camino aggiuntivo. Cos\u00ec come non sono necessari una sala di riscaldamento separata, un bruciatore, una caldaia, una pompa del circuito di riscaldamento e un sistema di tubazioni. I riscaldatori ad infrarossi possono essere utilizzati all\u2019interno e non formano fumi di scarico. \u00c8 chiaro che anche con i riscaldamenti a raggi infrarossi vi sono delle spese di esercizio, ma rispetto agli altri sistemi, sono comunque inferiori, poich\u00e9 il calore radiante ha un effetto di riscaldamento molto forte anche a basse temperature. Inoltre, i riscaldatori ad infrarossi reagiscono molto rapidamente. Cos\u00ec, ad esempio, potreste impostare il termostato per regolare la temperatura in modo che un ambiente venga riscaldato solo quando \u00e8 davvero utilizzato. Tutto ci\u00f2 \u00e8 molto pratico, per esempio in camera da letto, nella sala hobby, in ufficio o bagno.<\/p>\n<p>Ad esempio, \u00e8 possibile programmare il termostato in bagno in modo da avere piacevoli 22 \u00b0C la mattina per 30 minuti e poi abbassare la temperatura durante il giorno per evitare di riscaldare inutilmente. (Pi\u00f9 o meno come facciamo con la luce non lasciandola accesa 24 ore al giorno).<\/p>\n<p>Con un sistema di riscaldamento a infrarossi si possono contrastare i costanti aumenti dei gas naturali e dell&#8217;olio di riscaldamento. Inoltre, i riscaldatori a infrarossi sono privi di interferenze e di manutenzione. Hanno solo bisogno di un breve periodo di tempo per riscaldarsi e non hanno perdite di calore. I riscaldatori a raggi infrarossi sono ideali per il riscaldamento delle singole stanze. Rispetto ai tradizionali riscaldatori a convezione elettrica, l&#8217;uscita di potenza necessaria con la stessa uscita di calore \u00e8 notevolmente inferiore, in questo modo vengono diminuiti notevolmente i costi.<\/p>\n<h2><strong>Vantaggio ecologico<\/strong><\/h2>\n<p>I riscaldatori a infrarossi hanno un&#8217;efficienza di circa il 95%, il che significa che l&#8217;energia liberata \u00e8 quasi tutta utilizzata per il riscaldamento. A differenza dei riscaldatori a convezione che hanno un\u2019efficienza molto inferiore, ovvero tra il 50 e il 70%. In combinazione con l&#8217;elettricit\u00e0 verde (ad esempio, quella idroelettrica), i sistemi di riscaldamento a infrarossi offrono una soluzione ecologicamente sensibile per il riscaldamento delle singole stanze o per il riscaldamento di singole aree in grandi ambienti o sale.<\/p>\n<h2><strong>Benessere umano <\/strong><\/h2>\n<p>Il corpo umano assorbe direttamente i raggi infrarossi. Poich\u00e9 l&#8217;uomo trascorre circa l&#8217;80% del giorno nelle stanze interne, \u00e8 particolarmente importante potergli offrire del comfort. Naturalmente, questo include soprattutto il calore, sia a casa che al lavoro. La ridotta circolazione dell&#8217;aria e la temperatura ambiente costante creano un clima salutare e piacevole grazie al sistema di riscaldamento a infrarossi.<\/p>\n<h2><\/h2>\n[\/vc_column_text][\/vc_column][\/vc_row][vc_row disable_element=&#8221;yes&#8221;][vc_column][vc_column_text]\n<h2>Medizinische Anwendungsbereiche<\/h2>\n<p>Die Infrarot-Tiefenw\u00e4rme hat eine heilende Wirkung. So wird die Gewebedurchblutung gef\u00f6rdert und die Elastizit\u00e4t der Haut verbessert. Weiterhin werden die k\u00f6rpereigenen Abwehrkr\u00e4fte und das Immunsystem gest\u00e4rkt. Infrarotw\u00e4rme wirkt schmerzlindernd und f\u00f6rdert deshalb eine Genesung des Bewegungsapparates. Auch beim Abnehmen kann Infrarotw\u00e4rme behilflich sein. Durch sie wird die Konsistenz des Fettgewebes ver\u00e4ndert und so das Abnehmen unterst\u00fctzt. Aufgrund der erh\u00f6hten Blutzirkulation werden die K\u00f6rperzellen besser versorgt und K\u00f6rper und Geist k\u00f6nnen sich entspannen.[\/vc_column_text][\/vc_column][\/vc_row]","protected":false},"excerpt":{"rendered":"<p>[vc_row][vc_column][vc_column_text]Il sole riscalda la terra tramite raggi infrarossi. La stessa radiazione di calore \u00e8 generata dal riscaldamento a infrarossi. I raggi infrarossi penetrano nel corpo e riscaldano le superfici irradiate. Questo crea un&#8217;esperienza di calore piacevole. Anche se la temperatura ambiente \u00e8 un po\u2019 pi\u00f9 bassa del solito, non si sentir\u00e0 freddo. Un effetto simile&hellip;<\/p>\n","protected":false},"author":6,"featured_media":0,"parent":0,"menu_order":0,"comment_status":"open","ping_status":"open","template":"","meta":[],"_links":{"self":[{"href":"https:\/\/firstheating.ch\/it\/wp-json\/wp\/v2\/pages\/507"}],"collection":[{"href":"https:\/\/firstheating.ch\/it\/wp-json\/wp\/v2\/pages"}],"about":[{"href":"https:\/\/firstheating.ch\/it\/wp-json\/wp\/v2\/types\/page"}],"author":[{"embeddable":true,"href":"https:\/\/firstheating.ch\/it\/wp-json\/wp\/v2\/users\/6"}],"replies":[{"embeddable":true,"href":"https:\/\/firstheating.ch\/it\/wp-json\/wp\/v2\/comments?post=507"}],"version-history":[{"count":3,"href":"https:\/\/firstheating.ch\/it\/wp-json\/wp\/v2\/pages\/507\/revisions"}],"predecessor-version":[{"id":510,"href":"https:\/\/firstheating.ch\/it\/wp-json\/wp\/v2\/pages\/507\/revisions\/510"}],"wp:attachment":[{"href":"https:\/\/firstheating.ch\/it\/wp-json\/wp\/v2\/media?parent=507"}],"curies":[{"name":"wp","href":"https:\/\/api.w.org\/{rel}","templated":true}]}}