{"id":502,"date":"2019-02-13T16:38:25","date_gmt":"2019-02-13T15:38:25","guid":{"rendered":"http:\/\/firstheating.ch\/?page_id=502\/"},"modified":"2019-02-13T16:38:25","modified_gmt":"2019-02-13T15:38:25","slug":"modalita-di-funzionamento-dei-riscaldatori-a-raggi-infrarossi","status":"publish","type":"page","link":"https:\/\/firstheating.ch\/it\/modalita-di-funzionamento-dei-riscaldatori-a-raggi-infrarossi\/","title":{"rendered":"Modalit\u00e0 di funzionamento dei riscaldatori a raggi infrarossi"},"content":{"rendered":"[vc_row][vc_column][vc_column_text]<strong>Meccanismo d\u2019azione dei riscaldatori a raggi infrarossi <\/strong><\/p>\n<p>Tra i pi\u00f9 importanti processi fisici naturali che riguardano la luce solare troviamo anche il riscaldamento della superficie terrestre. Tenendo una mano o un oggetto non animato alla luce del sole per un po\u2019 , noteremo un notevole riscaldamento. L\u2019oggetto solido si riscalda nel momento in cui si verifica una certa radiazione solare su di esso. Con il concetto di &#8220;riscaldamento&#8221; si intende l\u2019energia termica, contenuta in una determinata area luminosa del sole, che viene assorbita. \u00a0Scientificamente, questa reazione \u00e8 definita assorbimento. A differenza dei combustibili convenzionali, che bruciano in presenza di calore, affinch\u00e9 venga generato calore, la radiazione infrarossa del sole si concentra solo sui corpi solidi. L&#8217;ambiente non viene riscaldato allo stesso livello. Pertanto, durante l&#8217;inverno, la neve non si scioglie, anche se i raggi del sole possono scaldare la pelle di una persona.<\/p>\n<p>Non tutti i raggi di sole hanno questa propriet\u00e0 fisica. Solo aree specifiche dello spettro luminoso con una particolare lunghezza d&#8217;onda sono in grado di riscaldare il corpo e gli oggetti senza dover trasmettere l&#8217;energia termica all&#8217;ambiente. Questi intervalli di lunghezza d&#8217;onda sono noti come luce infrarossa e sono conosciuti da molte persone nel campo della medicina. La luce a infrarossi, denominata anche &#8220;luce rossa&#8221; per via del suo colore, pu\u00f2 essere utilizzata in modo specifico e locale. Dal punto di vista fisico, i raggi infrarossi sono onde elettromagnetiche. In uno spettro elettromagnetico ci sono tre diverse lunghezze d&#8217;onda della luce a infrarossi. Queste corrispondono a delle zone d&#8217;onda, che si trovano in un intervallo tra la luce visibile all\u2019occhio umano e una radiazione d&#8217;onda lunga nella zona del Terahertz. In questo caso, i raggi infrarossi rappresentano solo una parte dei raggi riscaldanti. A causa del principio attivo specifico della luce a infrarossi, questo non pu\u00f2 essere confrontato con i processi di combustione convenzionali in termini di fornitura di calore, che vengono utilizzati per il riscaldamento degli spazi interni o delle aree esterne.<\/p>\n<p><strong>Realizzazione tecnica del calore a infrarossi <\/strong><\/p>\n<p>Per essere in grado di riscaldare efficacemente come il sole, i riscaldatori a raggi infrarossi richiedono un&#8217;attrezzatura all&#8217;avanguardia ed efficiente. Gli elementi di riscaldamento devono essere dotati in modo da emettere onde di calore. Nel caso del riscaldamento a infrarossi, le onde di calore generate colpiscono una superficie solida e vengono assorbite da essa. Il calore non viene quindi rilasciato all&#8217;aria ambiente di una stanza, n\u00e9 si ferma al soffitto facendo restare le zone abitative fredde. Quando si utilizza il calore a infrarossi, non vi \u00e8 nessuna turbolenza nella stanza.<\/p>\n<p>Utilizzando il riscaldamento a infrarossi, si combinano diverse forme di energia. Queste sono, da un lato, la luce infrarossa invisibile all\u2019occhio umano e, dall&#8217;altro, le onde di calore. I pannelli radianti operano sulla base della distribuzione dell&#8217;onda di calore.\u00a0 Fornire i componenti di riscaldamento con corrente elettrica provoca la generazione di calore radiante infrarosso. Gli ausiliari ottici di alta qualit\u00e0, come i riflettori speciali, emettono il calore irradiato a infrarossi nella stanza e riscaldano i solidi contenuti in essa. Con corpi solidi sono intesi anche tutte le pareti, i soffitti e i pavimenti di una stanza. Questi rilasciano gradualmente l&#8217;energia calda accumulata, in modo da riscaldare una stanza senza quasi nessuna perdita.<\/p>\n<p>Il funzionamento del riscaldamento a infrarossi pu\u00f2 essere confrontato con quello di una stufa in maiolica. Per garantire il riscaldamento degli interni, l&#8217;aria non \u00e8 necessaria come mezzo di trasporto. Ci\u00f2 consente di riscaldare in modo omogeneo e uniforme la zona giorno e la zona notte.\u00a0 Tutto questo porta ad un enorme comfort e a un riscaldamento molto pi\u00f9 efficiente di quanto sia possibile con i sistemi convenzionali di riscaldamento a gas o olio. I raggi infrarossi sono anche sicuri per <strong>la salute degli esseri umani e degli animali.<\/strong>[\/vc_column_text][\/vc_column][\/vc_row]","protected":false},"excerpt":{"rendered":"<p>[vc_row][vc_column][vc_column_text]Meccanismo d\u2019azione dei riscaldatori a raggi infrarossi Tra i pi\u00f9 importanti processi fisici naturali che riguardano la luce solare troviamo anche il riscaldamento della superficie terrestre. Tenendo una mano o un oggetto non animato alla luce del sole per un po\u2019 , noteremo un notevole riscaldamento. L\u2019oggetto solido si riscalda nel momento in cui si&hellip;<\/p>\n","protected":false},"author":6,"featured_media":0,"parent":0,"menu_order":0,"comment_status":"open","ping_status":"open","template":"","meta":[],"_links":{"self":[{"href":"https:\/\/firstheating.ch\/it\/wp-json\/wp\/v2\/pages\/502"}],"collection":[{"href":"https:\/\/firstheating.ch\/it\/wp-json\/wp\/v2\/pages"}],"about":[{"href":"https:\/\/firstheating.ch\/it\/wp-json\/wp\/v2\/types\/page"}],"author":[{"embeddable":true,"href":"https:\/\/firstheating.ch\/it\/wp-json\/wp\/v2\/users\/6"}],"replies":[{"embeddable":true,"href":"https:\/\/firstheating.ch\/it\/wp-json\/wp\/v2\/comments?post=502"}],"version-history":[{"count":1,"href":"https:\/\/firstheating.ch\/it\/wp-json\/wp\/v2\/pages\/502\/revisions"}],"predecessor-version":[{"id":503,"href":"https:\/\/firstheating.ch\/it\/wp-json\/wp\/v2\/pages\/502\/revisions\/503"}],"wp:attachment":[{"href":"https:\/\/firstheating.ch\/it\/wp-json\/wp\/v2\/media?parent=502"}],"curies":[{"name":"wp","href":"https:\/\/api.w.org\/{rel}","templated":true}]}}