{"id":781,"date":"2021-02-16T15:33:30","date_gmt":"2021-02-16T14:33:30","guid":{"rendered":"http:\/\/firstheating.ch\/steuerung\/"},"modified":"2021-02-19T10:49:13","modified_gmt":"2021-02-19T09:49:13","slug":"steuerung","status":"publish","type":"page","link":"https:\/\/firstheating.ch\/fr\/steuerung\/","title":{"rendered":"Contr\u00f4le"},"content":{"rendered":"[vc_row][vc_column]<div class=\"vcex-heading vcex-module wpex-text-2xl wpex-font-normal wpex-m-auto wpex-max-w-100 vcex-heading-plain wpex-block\"><span class=\"vcex-heading-inner wpex-inline-block wpex-clr\">Thermostats<\/span><\/div>[vc_column_text]Les chauffages infrarouges <em>FIRST Heating<\/em> peuvent \u00eatre contr\u00f4l\u00e9s de diff\u00e9rentes mani\u00e8res que le march\u00e9 propose. Des thermostats \u00e0 prise simple, des thermostats t\u00e9l\u00e9command\u00e9s pour les maisons de vacances, des thermostats muraux simples \u00e0 commande rotative ainsi que des syst\u00e8mes radiocommand\u00e9s pour toute une maison, y compris la domotique, tout est possible.<\/p>\n<h4>Branchement direct<\/h4>\n<p>En cas de branchement direct du radiateur, le thermostat lui-m\u00eame ou un r\u00e9cepteur radio est raccord\u00e9 par c\u00e2ble avec le radiateur. Le c\u00e2blage avec le corps de chauffe est d\u00e9crit sur la page produit correspondante du thermostat et il est recommand\u00e9 de le faire installer par une personne sp\u00e9cialis\u00e9e, par exemple un \u00e9lectricien.<\/p>\n<p>Voici des marques et des mod\u00e8les de thermostats qui ont fait leurs preuves :[\/vc_column_text]<div class=\"vcex-spacing wpex-w-100 wpex-clear\" style=\"height:15px;\"><\/div>[vc_row_inner][vc_column_inner width=\u00a0\u00bb1\/3&Prime;]<div class=\"vcex-heading vcex-module wpex-text-2xl wpex-font-normal wpex-m-auto wpex-max-w-100 vcex-heading-plain wpex-block\"><span class=\"vcex-heading-inner wpex-inline-block wpex-clr\">Salus RT10<\/span><\/div>[vc_single_image image=\u00a0\u00bb764&Prime; onclick=\u00a0\u00bbcustom_link\u00a0\u00bb img_link_target=\u00a0\u00bb_blank\u00a0\u00bb link=\u00a0\u00bbhttps:\/\/ecofort.ch\/fr\/thermostats\/2092-salus-rt10.html\u00a0\u00bb]<div class=\"vcex-spacing wpex-w-100 wpex-clear\" style=\"height:15px;\"><\/div><div class=\"theme-button-wrap theme-button-expanded-wrap\"><a href=\"https:\/\/ecofort.ch\/fr\/thermostats\/2092-salus-rt10.html\" title=\"Salus RT10\" class=\"vcex-button theme-button large expanded expanded\" target=\"_blank\" style=\"background:#ef9525;\" rel=\"noopener noreferrer\"><span class=\"theme-button-inner\">En savoir plus <\/span><\/a><\/div> [\/vc_column_inner][vc_column_inner width=\u00a0\u00bb1\/3&Prime;]<div class=\"vcex-heading vcex-module wpex-text-2xl wpex-font-normal wpex-m-auto wpex-max-w-100 vcex-heading-plain wpex-block\"><span class=\"vcex-heading-inner wpex-inline-block wpex-clr\">Salus RT510RF<\/span><\/div>[vc_single_image image=\u00a0\u00bb773&Prime; onclick=\u00a0\u00bbcustom_link\u00a0\u00bb img_link_target=\u00a0\u00bb_blank\u00a0\u00bb link=\u00a0\u00bbhttps:\/\/ecofort.ch\/fr\/thermostats\/1912-salus-rt510rf.html\u00a0\u00bb]<div class=\"vcex-spacing wpex-w-100 wpex-clear\" style=\"height:15px;\"><\/div><div class=\"theme-button-wrap theme-button-expanded-wrap\"><a href=\"https:\/\/ecofort.ch\/fr\/thermostats\/1912-salus-rt510rf.html\" title=\"Salus RT510RF\" class=\"vcex-button theme-button large expanded expanded\" target=\"_blank\" style=\"background:#ef9525;\" rel=\"noopener noreferrer\"><span class=\"theme-button-inner\">En savoir plus <\/span><\/a><\/div> [\/vc_column_inner][vc_column_inner width=\u00a0\u00bb1\/3&Prime;]<div class=\"vcex-heading vcex-module wpex-text-2xl wpex-font-normal wpex-m-auto wpex-max-w-100 vcex-heading-plain wpex-block\"><span class=\"vcex-heading-inner wpex-inline-block wpex-clr\">ecoheat TCT<\/span><\/div>[vc_single_image image=\u00a0\u00bb776&Prime; onclick=\u00a0\u00bbcustom_link\u00a0\u00bb img_link_target=\u00a0\u00bb_blank\u00a0\u00bb link=\u00a0\u00bbhttps:\/\/ecofort.ch\/fr\/thermostats\/2554-ecoheat-tct.html\u00a0\u00bb]<div class=\"vcex-spacing wpex-w-100 wpex-clear\" style=\"height:15px;\"><\/div><div class=\"theme-button-wrap theme-button-expanded-wrap\"><a href=\"https:\/\/ecofort.ch\/fr\/thermostats\/2554-ecoheat-tct.html\" title=\"ecoheat TCT thermostat\" class=\"vcex-button theme-button large expanded expanded\" target=\"_blank\" style=\"background:#ef9525;\" rel=\"noopener noreferrer\"><span class=\"theme-button-inner\">En savoir plus <\/span><\/a><\/div> [\/vc_column_inner][\/vc_row_inner][\/vc_column][\/vc_row]","protected":false},"excerpt":{"rendered":"<p>[vc_row][vc_column][vc_column_text]Les chauffages infrarouges FIRST Heating peuvent \u00eatre contr\u00f4l\u00e9s de diff\u00e9rentes mani\u00e8res que le march\u00e9 propose. Des thermostats \u00e0 prise simple, des thermostats t\u00e9l\u00e9command\u00e9s pour les maisons de vacances, des thermostats muraux simples \u00e0 commande rotative ainsi que des syst\u00e8mes radiocommand\u00e9s pour toute une maison, y compris la domotique, tout est possible. Branchement direct En cas&hellip;<\/p>\n","protected":false},"author":6,"featured_media":0,"parent":0,"menu_order":0,"comment_status":"closed","ping_status":"closed","template":"","meta":[],"_links":{"self":[{"href":"https:\/\/firstheating.ch\/fr\/wp-json\/wp\/v2\/pages\/781"}],"collection":[{"href":"https:\/\/firstheating.ch\/fr\/wp-json\/wp\/v2\/pages"}],"about":[{"href":"https:\/\/firstheating.ch\/fr\/wp-json\/wp\/v2\/types\/page"}],"author":[{"embeddable":true,"href":"https:\/\/firstheating.ch\/fr\/wp-json\/wp\/v2\/users\/6"}],"replies":[{"embeddable":true,"href":"https:\/\/firstheating.ch\/fr\/wp-json\/wp\/v2\/comments?post=781"}],"version-history":[{"count":3,"href":"https:\/\/firstheating.ch\/fr\/wp-json\/wp\/v2\/pages\/781\/revisions"}],"predecessor-version":[{"id":782,"href":"https:\/\/firstheating.ch\/fr\/wp-json\/wp\/v2\/pages\/781\/revisions\/782"}],"wp:attachment":[{"href":"https:\/\/firstheating.ch\/fr\/wp-json\/wp\/v2\/media?parent=781"}],"curies":[{"name":"wp","href":"https:\/\/api.w.org\/{rel}","templated":true}]}}