{"id":700,"date":"2021-02-15T17:25:32","date_gmt":"2021-02-15T16:25:32","guid":{"rendered":"http:\/\/firstheating.ch\/?page_id=700\/"},"modified":"2021-02-15T17:25:32","modified_gmt":"2021-02-15T16:25:32","slug":"declaration-de-confidentialite","status":"publish","type":"page","link":"https:\/\/firstheating.ch\/fr\/declaration-de-confidentialite\/","title":{"rendered":"D\u00e9claration de confidentialit\u00e9"},"content":{"rendered":"[vc_row][vc_column][vc_column_text]\n<div class=\"elementor-element elementor-element-05dc30b elementor-widget elementor-widget-heading\" data-id=\"05dc30b\" data-element_type=\"widget\" data-widget_type=\"heading.default\">\n<div class=\"elementor-widget-container\">\n<h2 class=\"elementor-heading-title elementor-size-default\">D\u00c9CLARATION DE CONFIDENTIALIT\u00c9<\/h2>\n<\/div>\n<\/div>\n<div class=\"elementor-element elementor-element-43ca6bd elementor-widget elementor-widget-text-editor\" data-id=\"43ca6bd\" data-element_type=\"widget\" data-widget_type=\"text-editor.default\">\n<div class=\"elementor-widget-container\">\n<div class=\"elementor-text-editor elementor-clearfix\">\n<p>Nous prenons la protection de vos donn\u00e9es personnelles tr\u00e8s au s\u00e9rieux et nous respectons strictement les r\u00e8gles des lois sur la protection des donn\u00e9es. Les donn\u00e9es personnelles ne sont collect\u00e9es sur ce site web que dans la mesure o\u00f9 cela est techniquement n\u00e9cessaire. En aucun cas, les donn\u00e9es collect\u00e9es ne seront vendues ou transmises \u00e0 des tiers pour d\u2019autres raisons.<\/p>\n<p>La d\u00e9claration suivante vous donne un aper\u00e7u de la mani\u00e8re dont nous garantissons cette protection et du type de donn\u00e9es qui sont collect\u00e9es et dans quel but.<\/p>\n<\/div>\n<\/div>\n<\/div>\n<div class=\"elementor-element elementor-element-d867344 elementor-widget elementor-widget-heading\" data-id=\"d867344\" data-element_type=\"widget\" data-widget_type=\"heading.default\">\n<div class=\"elementor-widget-container\">\n<h4 class=\"elementor-heading-title elementor-size-default\">LE TRAITEMENT DES DONN\u00c9ES SUR CE SITE<\/h4>\n<\/div>\n<\/div>\n<div class=\"elementor-element elementor-element-3b2a7d1 elementor-widget elementor-widget-text-editor\" data-id=\"3b2a7d1\" data-element_type=\"widget\" data-widget_type=\"text-editor.default\">\n<div class=\"elementor-widget-container\">\n<div class=\"elementor-text-editor elementor-clearfix\">\n<p>Dans les fichiers journaux du serveur sont stock\u00e9es les informations suivantes, que votre navigateur nous transmet<\/p>\n<ul>\n<li>Type\/ -version du navigateur<\/li>\n<li>Syst\u00e8me d\u2019exploitation utilis\u00e9<\/li>\n<li>URL de r\u00e9f\u00e9rence (la page visit\u00e9e pr\u00e9c\u00e9demment)<\/li>\n<li>Nom d\u2019h\u00f4te de l\u2019ordinateur d\u2019acc\u00e8s (adresse IP)<\/li>\n<li>Heure de la demande du serveur<\/li>\n<\/ul>\n<\/div>\n<\/div>\n<\/div>\n<div class=\"elementor-element elementor-element-5c02229 elementor-widget elementor-widget-heading\" data-id=\"5c02229\" data-element_type=\"widget\" data-widget_type=\"heading.default\">\n<div class=\"elementor-widget-container\">\n<h4 class=\"elementor-heading-title elementor-size-default\">QUELLES SONT LES DONN\u00c9ES COLLECT\u00c9ES ?<\/h4>\n<\/div>\n<\/div>\n<div class=\"elementor-element elementor-element-2aacd99 elementor-widget elementor-widget-text-editor\" data-id=\"2aacd99\" data-element_type=\"widget\" data-widget_type=\"text-editor.default\">\n<div class=\"elementor-widget-container\">\n<div class=\"elementor-text-editor elementor-clearfix\">\n<p>Lorsque vous visitez ce site web, vous pouvez nous fournir deux types d\u2019informations : Les informations personnelles, que nous utilisons pour traiter les commandes ou les demandes d\u2019information et les informations du site web (par exemple, la dur\u00e9e et la fr\u00e9quence des visites, les pr\u00e9f\u00e9rences en mati\u00e8re de langue et de pays, le type de navigateur, etc. Nous utilisons Google Analytics pour compiler des statistiques anonymes sur les sites web.<\/p>\n<p>Comme la plupart des sites web, nous utilisons une technologie standard appel\u00e9e \u00ab\u00a0cookies\u00a0\u00bb (voir ci-dessous \u00ab\u00a0Que sont les cookies ?\u00a0\u00bb) et des donn\u00e9es de journal de serveur pour recueillir des informations sur le comportement anonyme des visiteurs de nos sites web. Les donn\u00e9es collect\u00e9es par le serveur peuvent \u00eatre les suivantes : Date et heure des visites, sites web visit\u00e9s, temps pass\u00e9 sur nos sites web, ainsi que les sources d\u2019acc\u00e8s et les taux de rebond.<\/p>\n<\/div>\n<\/div>\n<\/div>\n<div class=\"elementor-element elementor-element-b6ff798 elementor-widget elementor-widget-heading\" data-id=\"b6ff798\" data-element_type=\"widget\" data-widget_type=\"heading.default\">\n<div class=\"elementor-widget-container\">\n<h4 class=\"elementor-heading-title elementor-size-default\">QUE SONT LES COOKIES ?<\/h4>\n<\/div>\n<\/div>\n<div class=\"elementor-element elementor-element-ceda244 elementor-widget elementor-widget-text-editor\" data-id=\"ceda244\" data-element_type=\"widget\" data-widget_type=\"text-editor.default\">\n<div class=\"elementor-widget-container\">\n<div class=\"elementor-text-editor elementor-clearfix\">\n<p>Un cookie est un tr\u00e8s petit document texte qui porte une identification unique mais anonyme. Aujourd\u2019hui, les cookies sont essentiels au bon fonctionnement de nombreux sites web et boutiques en ligne. Un cookie ne peut PAS transmettre d\u2019autres donn\u00e9es de votre disque dur (pas m\u00eame des virus).<\/p>\n<\/div>\n<\/div>\n<\/div>\n<div class=\"elementor-element elementor-element-1155acd elementor-widget elementor-widget-heading\" data-id=\"1155acd\" data-element_type=\"widget\" data-widget_type=\"heading.default\">\n<div class=\"elementor-widget-container\">\n<h4 class=\"elementor-heading-title elementor-size-default\">ANALYSE WEB AVEC GOOGLE (UNIVERSEL)<\/h4>\n<\/div>\n<\/div>\n<div class=\"elementor-element elementor-element-02ef43b elementor-widget elementor-widget-text-editor\" data-id=\"02ef43b\" data-element_type=\"widget\" data-widget_type=\"text-editor.default\">\n<div class=\"elementor-widget-container\">\n<div class=\"elementor-text-editor elementor-clearfix\">\n<p>Ce site web utilise Google (Universal) Analytics, un service d\u2019analyse web de Google Inc. (www.google.ch). Google (Universal) Analytics utilise des m\u00e9thodes qui permettent d\u2019analyser votre utilisation du site web, telles que les \u00ab\u00a0cookies\u00a0\u00bb, des fichiers texte qui sont enregistr\u00e9s sur votre ordinateur. Les informations g\u00e9n\u00e9r\u00e9es sur votre utilisation de ce site web sont g\u00e9n\u00e9ralement transf\u00e9r\u00e9es \u00e0 un serveur de Google aux \u00c9tats-Unis et y sont stock\u00e9es. En activant l\u2019anonymisation IP sur ce site web, l\u2019adresse IP est raccourcie avant la transmission dans les \u00c9tats membres de l\u2019Union europ\u00e9enne ou dans les autres \u00c9tats signataires de l\u2019accord sur l\u2019Espace \u00e9conomique europ\u00e9en. Ce n\u2019est que dans des cas exceptionnels que l\u2019adresse IP compl\u00e8te sera transf\u00e9r\u00e9e \u00e0 un serveur de Google aux \u00c9tats-Unis et y sera raccourcie. L\u2019adresse IP anonymis\u00e9e transmise par votre navigateur dans le cadre de Google Analytics n\u2019est pas fusionn\u00e9e avec d\u2019autres donn\u00e9es de Google. Vous pouvez emp\u00eacher la collecte des donn\u00e9es g\u00e9n\u00e9r\u00e9es par le cookie et li\u00e9es \u00e0 votre utilisation du site web (y compris votre adresse IP) par Google et le traitement de ces donn\u00e9es par Google en t\u00e9l\u00e9chargeant et en installant le plugin du navigateur disponible sur le lien suivant :\u00a0<a href=\"https:\/\/tools.google.com\/dlpage\/gaoptout?hl=fr\" target=\"_blank\" rel=\"noopener noreferrer\">Module compl\u00e9mentaire de navigateur pour d\u00e9sactiver Google Analytics Browser-Add-on<\/a><\/p>\n<\/div>\n<\/div>\n<\/div>\n[\/vc_column_text][\/vc_column][\/vc_row]","protected":false},"excerpt":{"rendered":"<p>[vc_row][vc_column][vc_column_text] D\u00c9CLARATION DE CONFIDENTIALIT\u00c9 Nous prenons la protection de vos donn\u00e9es personnelles tr\u00e8s au s\u00e9rieux et nous respectons strictement les r\u00e8gles des lois sur la protection des donn\u00e9es. Les donn\u00e9es personnelles ne sont collect\u00e9es sur ce site web que dans la mesure o\u00f9 cela est techniquement n\u00e9cessaire. En aucun cas, les donn\u00e9es collect\u00e9es ne seront&hellip;<\/p>\n","protected":false},"author":6,"featured_media":0,"parent":0,"menu_order":0,"comment_status":"closed","ping_status":"closed","template":"","meta":[],"_links":{"self":[{"href":"https:\/\/firstheating.ch\/fr\/wp-json\/wp\/v2\/pages\/700"}],"collection":[{"href":"https:\/\/firstheating.ch\/fr\/wp-json\/wp\/v2\/pages"}],"about":[{"href":"https:\/\/firstheating.ch\/fr\/wp-json\/wp\/v2\/types\/page"}],"author":[{"embeddable":true,"href":"https:\/\/firstheating.ch\/fr\/wp-json\/wp\/v2\/users\/6"}],"replies":[{"embeddable":true,"href":"https:\/\/firstheating.ch\/fr\/wp-json\/wp\/v2\/comments?post=700"}],"version-history":[{"count":2,"href":"https:\/\/firstheating.ch\/fr\/wp-json\/wp\/v2\/pages\/700\/revisions"}],"predecessor-version":[{"id":702,"href":"https:\/\/firstheating.ch\/fr\/wp-json\/wp\/v2\/pages\/700\/revisions\/702"}],"wp:attachment":[{"href":"https:\/\/firstheating.ch\/fr\/wp-json\/wp\/v2\/media?parent=700"}],"curies":[{"name":"wp","href":"https:\/\/api.w.org\/{rel}","templated":true}]}}