{"id":595,"date":"2019-02-25T12:08:11","date_gmt":"2019-02-25T11:08:11","guid":{"rendered":"http:\/\/firstheating.ch\/?page_id=595\/"},"modified":"2019-02-25T12:12:10","modified_gmt":"2019-02-25T11:12:10","slug":"votre-message-a-ete-envoye-avec-succes","status":"publish","type":"page","link":"https:\/\/firstheating.ch\/fr\/votre-message-a-ete-envoye-avec-succes\/","title":{"rendered":"Votre message a \u00e9t\u00e9 envoy\u00e9 avec succ\u00e8s"},"content":{"rendered":"[vc_row][vc_column][vc_column_text]\n<p style=\"text-align: center;\"><strong><em>Merci ! Un collaborateur ecofort vous contactera dans les prochains 1-2 jours ouvrables.<\/em><\/strong><\/p>\n<h2>Plus d\u2019informations :<\/h2>\n<ul>\n<li>Vous trouverez \u00e9galement dans le shop des appareils de chauffage \u00e0 infrarouge les appareils de chauffage \u00e0 infrarouge First Heating, que vous pouvez facilement commander en ligne dans toute la Suisse. Cliquez ici pour aller au <strong><a href=\"https:\/\/ecofort.ch\/fr\/709-first-heating\">First Heating Shop<\/a><\/strong>.<\/li>\n<li>Chauffage par infrarouge : vid\u00e9o dans une maison unifamiliale o\u00f9 les anciens radiateurs \u00e9lectriques ont \u00e9t\u00e9 remplac\u00e9s par des radiateurs infrarouges modernes.<\/li>\n<\/ul>\n<p>Voici la vid\u00e9o : <a href=\"https:\/\/ecofort.ch\/fr\/content\/90-chauffage-infrarouge-experience-remplacement-chauffage-accumulation\"><u>Exp\u00e9riences avec des radiateurs infrarouges &#8211; Remplacement d&rsquo;anciens radiateurs \u00e9lectriques<\/u><\/a>[\/vc_column_text][\/vc_column][\/vc_row]","protected":false},"excerpt":{"rendered":"<p>[vc_row][vc_column][vc_column_text] Merci ! Un collaborateur ecofort vous contactera dans les prochains 1-2 jours ouvrables. Plus d\u2019informations : Vous trouverez \u00e9galement dans le shop des appareils de chauffage \u00e0 infrarouge les appareils de chauffage \u00e0 infrarouge First Heating, que vous pouvez facilement commander en ligne dans toute la Suisse. Cliquez ici pour aller au First Heating&hellip;<\/p>\n","protected":false},"author":6,"featured_media":0,"parent":0,"menu_order":0,"comment_status":"closed","ping_status":"closed","template":"","meta":[],"_links":{"self":[{"href":"https:\/\/firstheating.ch\/fr\/wp-json\/wp\/v2\/pages\/595"}],"collection":[{"href":"https:\/\/firstheating.ch\/fr\/wp-json\/wp\/v2\/pages"}],"about":[{"href":"https:\/\/firstheating.ch\/fr\/wp-json\/wp\/v2\/types\/page"}],"author":[{"embeddable":true,"href":"https:\/\/firstheating.ch\/fr\/wp-json\/wp\/v2\/users\/6"}],"replies":[{"embeddable":true,"href":"https:\/\/firstheating.ch\/fr\/wp-json\/wp\/v2\/comments?post=595"}],"version-history":[{"count":2,"href":"https:\/\/firstheating.ch\/fr\/wp-json\/wp\/v2\/pages\/595\/revisions"}],"predecessor-version":[{"id":599,"href":"https:\/\/firstheating.ch\/fr\/wp-json\/wp\/v2\/pages\/595\/revisions\/599"}],"wp:attachment":[{"href":"https:\/\/firstheating.ch\/fr\/wp-json\/wp\/v2\/media?parent=595"}],"curies":[{"name":"wp","href":"https:\/\/api.w.org\/{rel}","templated":true}]}}