{"id":450,"date":"2017-08-15T16:32:53","date_gmt":"2017-08-15T14:32:53","guid":{"rendered":"http:\/\/firstheating.ch\/?page_id=450\/"},"modified":"2017-08-15T16:32:53","modified_gmt":"2017-08-15T14:32:53","slug":"contact","status":"publish","type":"page","link":"https:\/\/firstheating.ch\/fr\/contact\/","title":{"rendered":"Contact"},"content":{"rendered":"<div>\n    <\/div>\n<script src=\"https:\/\/www.google.com\/recaptcha\/api.js\" async defer><\/script>\n\n<form action=\"\" method=\"post\" class=\"std form-horizontal\" enctype=\"multipart\/form-data\">\n\n    <!-- REQUIRED -->\n    <div class=\"form-group text form-box\">\n        <label class=\"control-label col-sm-4 form-box\" for=\"gender\">Titre*<\/label>\n\n        <div class=\"col-sm-8 form-box\">\n            <input type=\"radio\" id=\"male\" name=\"gender\"\n                   value=\"Herr\"  \/> <label for=\"male\">Monsieur<\/label>\n            <input style=\"margin-left:15px\" type=\"radio\" id=\"female\" name=\"gender\"\n                   value=\"Frau\"  \/> <label for=\"female\">Madame<\/label>\n        <\/div>\n    <\/div>\n\n    <div class=\"form-group text form-box\">\n        <label class=\"control-label col-sm-4 form-box\" for=\"firstname\">Pr\u00e9nom*<\/label>\n\n        <div class=\"col-sm-8 form-box\">\n            <input class=\"form-control form-box\" type=\"text\" id=\"firstname\" name=\"firstname\"\n                   value=\"\"\/>\n        <\/div>\n    <\/div>\n\n    <div class=\"form-group text form-box\">\n        <label class=\"control-label col-sm-4 form-box\" for=\"lastname\">Nom*<\/label>\n\n        <div class=\"col-sm-8 form-box\">\n            <input class=\"form-control form-box\" type=\"text\" id=\"lastname\" name=\"lastname\"\n                   value=\"\"\/>\n        <\/div>\n    <\/div>\n\n    <div class=\"form-group text form-box\">\n        <label class=\"control-label col-sm-4 form-box\" for=\"email\">Votre adresse e-mail*<\/label>\n\n        <div class=\"col-sm-8 form-box\">\n            <input class=\"form-control form-box\" type=\"text\" id=\"email\" name=\"email\"\n                   value=\"\"\/>\n        <\/div>\n    <\/div>\n\n    <div class=\"form-group textarea form-box\">\n        <label class=\"control-label col-sm-4 form-box\" for=\"message\">Message*<\/label>\n\n        <div class=\"col-sm-8 form-box\">\n            <textarea class=\"form-control form-box\" id=\"message\" name=\"message\" rows=\"5\"><\/textarea>\n        <\/div>\n    <\/div>\n\n    <!-- OPTIONAL -->\n    <div class=\"form-group text\">\n        <div class=\"control-label col-sm-4\"><\/div>\n        <div class=\"col-sm-8 col-sm-offset-4\" style=\"margin: 15px 0 10px 0;\">\n            Informations facultatives:        <\/div>\n    <\/div>\n\n    <div class=\"form-group text form-box\">\n        <label class=\"control-label col-sm-4 form-box\" for=\"phone\">T\u00e9l\u00e9phone<\/label>\n\n        <div class=\"col-sm-8 form-box\">\n            <input class=\"form-control form-box\" type=\"text\" id=\"phone\" name=\"phone\"\n                   value=\"\"\/>\n        <\/div>\n    <\/div>\n\n    <div class=\"form-group text form-box\">\n        <label class=\"control-label col-sm-4 form-box\" for=\"company\">Entreprise<\/label>\n\n        <div class=\"col-sm-8 form-box\">\n            <input class=\"form-control form-box\" type=\"text\" id=\"company\" name=\"company\"\n                   value=\"\"\/>\n        <\/div>\n    <\/div>\n\n    <div class=\"form-group text form-box\">\n        <label class=\"control-label col-sm-4 form-box\" for=\"street\">Rue et num\u00e9ro<\/label>\n\n        <div class=\"col-sm-8 form-box\">\n            <input class=\"form-control form-box\" type=\"text\" id=\"street\" name=\"street\"\n                   value=\"\"\/>\n        <\/div>\n    <\/div>\n\n    <div class=\"form-group text form-box\">\n        <label class=\"control-label col-sm-4 form-box\" for=\"location\">Code postal et lieu<\/label>\n\n        <div class=\"col-sm-8 form-box\">\n            <input class=\"form-control form-box\" type=\"text\" id=\"location\" name=\"location\"\n                   value=\"\"\/>\n        <\/div>\n    <\/div>\n\n    <div class=\"form-group text form-box\" style=\"margin-top: 20px; margin-bottom: 20px;\">\n        <div class=\"col-sm-8 col-sm-offset-4 form-box\">\n            <div class=\"g-recaptcha\" data-sitekey=\"6LeICQsUAAAAAL_x0i4sQZKLh6ONJzgGGSEdhmTj\"><\/div>\n        <\/div>\n\n    <\/div>\n\n    <div class=\"form-group submit form-box\">\n        <div class=\"col-sm-8 col-sm-offset-4 form-box\">\n            <div itemprop=\"offers\" itemscope=\"\" itemtype=\"http:\/\/schema.org\/Offer\" class=\"button-container form-box\">\n                <input type=\"submit\" name=\"submitFreshdeskMessage\" id=\"submitFreshdeskMessage\" value=\"Envoyer\" class=\"button btn btn-default form-box\" style=\"padding: 15px 30px;\" \/>\n            <\/div>\n        <\/div>\n    <\/div>\n\n<\/form>\n","protected":false},"excerpt":{"rendered":"Titre* Monsieur Madame Pr\u00e9nom* Nom* Votre adresse e-mail* Message* Informations facultatives: T\u00e9l\u00e9phone Entreprise Rue et num\u00e9ro Code postal et lieu","protected":false},"author":6,"featured_media":0,"parent":0,"menu_order":0,"comment_status":"closed","ping_status":"closed","template":"sidebar-page.php","meta":[],"_links":{"self":[{"href":"https:\/\/firstheating.ch\/fr\/wp-json\/wp\/v2\/pages\/450"}],"collection":[{"href":"https:\/\/firstheating.ch\/fr\/wp-json\/wp\/v2\/pages"}],"about":[{"href":"https:\/\/firstheating.ch\/fr\/wp-json\/wp\/v2\/types\/page"}],"author":[{"embeddable":true,"href":"https:\/\/firstheating.ch\/fr\/wp-json\/wp\/v2\/users\/6"}],"replies":[{"embeddable":true,"href":"https:\/\/firstheating.ch\/fr\/wp-json\/wp\/v2\/comments?post=450"}],"version-history":[{"count":1,"href":"https:\/\/firstheating.ch\/fr\/wp-json\/wp\/v2\/pages\/450\/revisions"}],"predecessor-version":[{"id":451,"href":"https:\/\/firstheating.ch\/fr\/wp-json\/wp\/v2\/pages\/450\/revisions\/451"}],"wp:attachment":[{"href":"https:\/\/firstheating.ch\/fr\/wp-json\/wp\/v2\/media?parent=450"}],"curies":[{"name":"wp","href":"https:\/\/api.w.org\/{rel}","templated":true}]}}