{"id":440,"date":"2017-08-15T16:15:21","date_gmt":"2017-08-15T14:15:21","guid":{"rendered":"http:\/\/firstheating.ch\/?page_id=440\/"},"modified":"2017-08-15T16:15:21","modified_gmt":"2017-08-15T14:15:21","slug":"avantages","status":"publish","type":"page","link":"https:\/\/firstheating.ch\/fr\/avantages\/","title":{"rendered":"Avantages"},"content":{"rendered":"[vc_row][vc_column][vc_column_text]Le soleil r\u00e9chauffe la terre par le biais de rayons infrarouges. Les chauffages \u00e0 infrarouges utilisent donc le m\u00eame type de rayons. Les rayons infrarouges p\u00e9n\u00e8trent les corps et r\u00e9chauffent leurs surfaces, qui rayonnent \u00e0 leur tour. C&rsquo;est ce qui vous permet d&rsquo;exp\u00e9rimenter un sentiment de bien-\u00eatre agr\u00e9able et de chaleur m\u00eame dans un espace ayant quelques degr\u00e9s de moins que la temp\u00e9rature habituelle.<\/p>\n<p>Nous pouvons ressentir un effet semblable lors d&rsquo;une belle journ\u00e9e d&rsquo;hiver en montagne. Sur une terrasse ensoleill\u00e9e, nombreux sont les sportifs qui savourent le soleil et enl\u00e8vent leurs vestes, bien que la temp\u00e9rature soit moins \u00e9lev\u00e9e que ce dont on aurait l&rsquo;habitude. C&rsquo;est la m\u00eame chose avec les chauffages \u00e0 infrarouges, la temp\u00e9rature est peut-\u00eatre moins \u00e9lev\u00e9e, mais la sensation de chaleur est pr\u00e9sente.<\/p>\n<h2><strong>Avantages \u00e9conomiques des chauffages \u00e0 infrarouge<\/strong><\/h2>\n<p><strong>\u00a0<\/strong>En comparaison \u00e0 d&rsquo;autres syst\u00e8mes de chauffage, les chauffages \u00e0 infrarouges repr\u00e9sentent une alternative \u00e9conomique et particuli\u00e8rement bon march\u00e9 \u00e0 l&rsquo;acquisition, puisqu&rsquo;il n&rsquo;y a quasiment aucun co\u00fbt d&rsquo;installation. Il n&rsquo;y a pas besoin de syst\u00e8me d&rsquo;\u00e9chappement ou de chemin\u00e9e suppl\u00e9mentaire. Dans la m\u00eame lign\u00e9e, vous n&rsquo;avez pas besoin d&rsquo;une chaufferie s\u00e9par\u00e9e, de br\u00fbleurs, de chaudi\u00e8re, de pompe pour un circuit de chauffage ni de syst\u00e8me de tuyauterie.<\/p>\n<p>Les chauffages \u00e0 infrarouges peuvent \u00eatre install\u00e9s \u00e0 peu pr\u00e8s partout et ne rejettent pas de gaz. Bien s\u00fbr, les co\u00fbts de chauffages s&rsquo;en retrouvent amoindris, puisque contrairement \u00e0 d&rsquo;autres syst\u00e8mes, la chaleur rayonnante est tr\u00e8s efficace m\u00eame \u00e0 temp\u00e9rature ambiante plus basse. En plus, les chauffages \u00e0 infrarouges ont un temps de pr\u00e9chauffage tr\u00e8s rapide. Vous pouvez ainsi r\u00e9gler votre thermostat de mani\u00e8re \u00e0 ce que, par exemple, la pi\u00e8ce ne soit chauff\u00e9e que si vous l&rsquo;utilisez activement. Cela s&rsquo;av\u00e8re particuli\u00e8rement pratique pour des pi\u00e8ces comme les chambres \u00e0 coucher, les ateliers, les bureaux ou les salles de bains.<br \/>\nPar exemple, vous pouvez r\u00e9gler votre appareil de mani\u00e8re \u00e0 ce que votre salle de bain soit chauff\u00e9e pour 30 minutes tous les matins \u00e0 environ 22 \u00b0C, puis laisser la temp\u00e9rature redescendre la journ\u00e9e afin d&rsquo;\u00e9viter un chauffage inutile de la pi\u00e8ce. C&rsquo;est une \u00e9conomie semblable \u00e0 celle que l&rsquo;on ferait avec la lumi\u00e8re. Il ne sert en effet pas de laisser la lumi\u00e8re allum\u00e9e toute la journ\u00e9e durant dans une pi\u00e8ce inutilis\u00e9e.<\/p>\n<p>Un chauffage \u00e0 infrarouges vous permet de compenser face aux co\u00fbts croissant du gaz naturel et de l&rsquo;huile de chauffage. En outre, les chauffages \u00e0 infrarouges sont exempts d&rsquo;entretiens probl\u00e9matiques. Vous n&rsquo;avez qu\u00a0\u00bbun court temps d&rsquo;attente (pr\u00e9chauffage) avant de pouvoir profiter d&rsquo;un chauffage sans perte de chaleur.<\/p>\n<p>Les chauffages \u00e0 infrarouges sont id\u00e9aux pour le r\u00e9chauffement de chambres individuelles. En comparaison \u00e0 d&rsquo;autres chauffages \u00e9lectriques conventionnels, la puissance requise est beaucoup plus faible pour un sentiment de chaleur identique, ce qui r\u00e9duit consid\u00e9rablement les co\u00fbts.<\/p>\n<h2><strong>Avantages \u00e9cologiques<\/strong><\/h2>\n<p><strong>\u00a0<\/strong>Les chauffages \u00e0 infrarouges ont une efficacit\u00e9 \u00e9nerg\u00e9tique d&rsquo;environ 95%, ce qui implique qu&rsquo;\u00e0 peu pr\u00e8s toute l&rsquo;\u00e9nergie utilis\u00e9e est convertie en chaleur. Les chauffages plus conventionnels, qui r\u00e9chauffe l&rsquo;air \u00e0 m\u00eame titre que les corps, ont une efficacit\u00e9 \u00e9nerg\u00e9tique beaucoup plus faible, de l&rsquo;ordre de 50-70%. Combin\u00e9 \u00e0 une source d&rsquo;\u00e9nergie \u00e9conomique (par exemple\u00a0: \u00e9nergie hydraulique), les chauffages \u00e0 infrarouges offrent une solution \u00e9cologique et judicieuse au chauffage de chambres et de pi\u00e8ces individuelles grandes ou de halls.<\/p>\n<h2><strong>Bien-\u00eatre humain<\/strong><\/h2>\n<p>Le corps humain re\u00e7oit directement des rayons infrarouges. Etant donn\u00e9 que les gens passent aujourd&rsquo;hui pr\u00e8s de 80% de leurs temps dans une pi\u00e8ce, la question du bien-\u00eatre dans ces espace devient importante. La chaleur en fait partie, que ce soit \u00e0 la maison ou au travail. Un chauffage \u00e0 infrarouge permet une circulation de l&rsquo;air r\u00e9duite et une temp\u00e9rature constante, ce qui rend votre climat int\u00e9rieur plus sain et confortable.[\/vc_column_text][\/vc_column][\/vc_row][vc_row disable_element=\u00a0\u00bbyes\u00a0\u00bb][vc_column][vc_column_text]\n<h2>Medizinische Anwendungsbereiche<\/h2>\n<p>Die Infrarot-Tiefenw\u00e4rme hat eine heilende Wirkung. So wird die Gewebedurchblutung gef\u00f6rdert und die Elastizit\u00e4t der Haut verbessert. Weiterhin werden die k\u00f6rpereigenen Abwehrkr\u00e4fte und das Immunsystem gest\u00e4rkt. Infrarotw\u00e4rme wirkt schmerzlindernd und f\u00f6rdert deshalb eine Genesung des Bewegungsapparates. Auch beim Abnehmen kann Infrarotw\u00e4rme behilflich sein. Durch sie wird die Konsistenz des Fettgewebes ver\u00e4ndert und so das Abnehmen unterst\u00fctzt. Aufgrund der erh\u00f6hten Blutzirkulation werden die K\u00f6rperzellen besser versorgt und K\u00f6rper und Geist k\u00f6nnen sich entspannen.[\/vc_column_text][\/vc_column][\/vc_row]","protected":false},"excerpt":{"rendered":"<p>[vc_row][vc_column][vc_column_text]Le soleil r\u00e9chauffe la terre par le biais de rayons infrarouges. Les chauffages \u00e0 infrarouges utilisent donc le m\u00eame type de rayons. Les rayons infrarouges p\u00e9n\u00e8trent les corps et r\u00e9chauffent leurs surfaces, qui rayonnent \u00e0 leur tour. C&rsquo;est ce qui vous permet d&rsquo;exp\u00e9rimenter un sentiment de bien-\u00eatre agr\u00e9able et de chaleur m\u00eame dans un espace&hellip;<\/p>\n","protected":false},"author":6,"featured_media":0,"parent":0,"menu_order":0,"comment_status":"open","ping_status":"open","template":"","meta":[],"_links":{"self":[{"href":"https:\/\/firstheating.ch\/fr\/wp-json\/wp\/v2\/pages\/440"}],"collection":[{"href":"https:\/\/firstheating.ch\/fr\/wp-json\/wp\/v2\/pages"}],"about":[{"href":"https:\/\/firstheating.ch\/fr\/wp-json\/wp\/v2\/types\/page"}],"author":[{"embeddable":true,"href":"https:\/\/firstheating.ch\/fr\/wp-json\/wp\/v2\/users\/6"}],"replies":[{"embeddable":true,"href":"https:\/\/firstheating.ch\/fr\/wp-json\/wp\/v2\/comments?post=440"}],"version-history":[{"count":2,"href":"https:\/\/firstheating.ch\/fr\/wp-json\/wp\/v2\/pages\/440\/revisions"}],"predecessor-version":[{"id":442,"href":"https:\/\/firstheating.ch\/fr\/wp-json\/wp\/v2\/pages\/440\/revisions\/442"}],"wp:attachment":[{"href":"https:\/\/firstheating.ch\/fr\/wp-json\/wp\/v2\/media?parent=440"}],"curies":[{"name":"wp","href":"https:\/\/api.w.org\/{rel}","templated":true}]}}