{"id":437,"date":"2017-08-15T16:11:10","date_gmt":"2017-08-15T14:11:10","guid":{"rendered":"http:\/\/firstheating.ch\/?page_id=437\/"},"modified":"2017-08-15T16:11:10","modified_gmt":"2017-08-15T14:11:10","slug":"fonctionnement-dun-chauffage-a-infrarouge","status":"publish","type":"page","link":"https:\/\/firstheating.ch\/fr\/fonctionnement-dun-chauffage-a-infrarouge\/","title":{"rendered":"Fonctionnement d&rsquo;un chauffage \u00e0 infrarouge"},"content":{"rendered":"[vc_row][vc_column][vc_column_text]<strong>M\u00e9canisme et physique d&rsquo;un chauffage \u00e0 infrarouge<\/strong><\/p>\n<p>Le r\u00e9chauffement de la surface de la terre est un des processus physiques les plus importants et se base naturellement sur le rayonnement du soleil. D\u00e8s nous nous mettons au soleil ou que nous pla\u00e7ons un objet \u00e0 port\u00e9e de ses rayons, nous remarquons que celui-ci se r\u00e9chauffe. La notion de \u00ab\u00a0r\u00e9chauffement\u00a0\u00bb renvoie donc au fait qu&rsquo;une zone \u00e9clair\u00e9e par le soleil se charge d&rsquo;une certaine \u00e9nergie thermique absorb\u00e9e. Cette r\u00e9action est appel\u00e9e \u00ab\u00a0absorption\u00a0\u00bb.<\/p>\n<p>Contrairement aux combustibles traditionnels qui produisent de la chaleur par incin\u00e9ration, le rayonnement infrarouge du soleil se concentre sur la diffusion aux corps solides. Au soleil, l\u2019environnement ne chauffe pas au m\u00eame niveau que ces corps. C\u2019est ce qui fait que la neige ne fond pas en hiver alors que les rayons solaires nous r\u00e9chauffent quand m\u00eame.<\/p>\n<p>Tous les rayonnements lumineux n&rsquo;ont pas cette propri\u00e9t\u00e9 physique. Seules certaines parties du spectre lumineux ayant une longueur d&rsquo;onde particuli\u00e8re sont en mesure de r\u00e9chauffer les corps et les objets sans diffuser l&rsquo;\u00e9nergie thermique \u00e0 tout l&rsquo;environnement. Ces rayons, provenant d&rsquo;une partie du spectre lumineux sp\u00e9cifique, sont dits infrarouge et sont aussi reconnus dans le domaine m\u00e9dical.<\/p>\n<p>La lumi\u00e8re infrarouge, d\u00e9sign\u00e9e ainsi car d&rsquo;une couleur rouge\u00e2tre, \u00e0 la propri\u00e9t\u00e9 de pouvoir r\u00e9chauffer de mani\u00e8re cibl\u00e9e. Scientifiquement parl\u00e9, les rayons infrarouges correspondent en r\u00e9alit\u00e9 \u00e0 des ondes \u00e9lectromagn\u00e9tiques. Au sein d&rsquo;un spectre \u00e9lectromagn\u00e9tique, il existe trois longueurs d&rsquo;ondes infrarouges lumineuses diff\u00e9rentes. Celles-ci comprennent des ondes de lumi\u00e8res visibles pour l&rsquo;\u0153il humain et d&rsquo;autres d&rsquo;une longueur plus importante, de l&rsquo;ordre du t\u00e9rahertz. Ici, les rayons infrarouges ne repr\u00e9sentent qu&rsquo;une partie seulement des rayons chauffants. En raison du principe de fonctionnement particulier de la lumi\u00e8re infrarouge, celle-ci ne peut pas \u00eatre compar\u00e9e, en mati\u00e8re d&rsquo;apport de chaleur, aux proc\u00e9d\u00e9s traditionnels par combustion qui r\u00e9chauffent l\u2019air ambiante mais que peu les corps solides.<\/p>\n<p><strong>Obtention technique de la chaleur par infrarouge<\/strong><\/p>\n<p>Afin de pouvoir r\u00e9chauffer de mani\u00e8re aussi efficace que le soleil, les chauffages \u00e0 infrarouges n\u00e9cessitent une technologie moderne et une grande puissance. Les \u00e9l\u00e9ments chauffants doivent \u00eatre con\u00e7us de mani\u00e8re \u00e0 d\u00e9gager les ondes de chaleur. Dans les chauffages \u00e0 infrarouges, les ondes de chaleur produites entrent en contact avec une surface dure qui les rediffuse plus loin. La chaleur n&rsquo;est ainsi pas dispers\u00e9e dans l&rsquo;environnement ou stagnante au niveau du plafond, laissant la zone habit\u00e9e froide. Avec l&rsquo;utilisation d&rsquo;un chauffage infrarouge, l&rsquo;air ne remue pas en permanence.<\/p>\n<p>Un chauffage \u00e0 infrarouge combine plusieurs formes d&rsquo;\u00e9nergies diff\u00e9rentes ensemble, les lumi\u00e8res infrarouges invisibles pour l&rsquo;homme d&rsquo;une part et d&rsquo;autre les ondes de chaleur. Les \u00e9l\u00e9ments de la surface sont exploit\u00e9s sur la base de la rediffusion de chaleur. Par l&rsquo;alimentation en \u00e9lectricit\u00e9 des composants chauffants, des rayons infrarouges sont produits. Apr\u00e8s cela, par l&rsquo;interm\u00e9diaire de moyens optiques, comme des r\u00e9flecteurs sp\u00e9ciaux, les rayons sont diffus\u00e9s dans la pi\u00e8ce o\u00f9 ils r\u00e9chauffent les corps solides. Les cloisons\u00a0; les murs, plafonds et sols en font \u00e9galement partie. Ces \u00e9l\u00e9ments diffusent donc \u00e0 leur tour la chaleur, permettant ainsi un chauffage de la pi\u00e8ce quasiment sans perte d&rsquo;\u00e9nergie.<\/p>\n<p>Le fonctionnement d&rsquo;un chauffage infrarouge peut \u00eatre compar\u00e9 \u00e0 celui d&rsquo;un po\u00eale de fa\u00efence. Ce n&rsquo;est pas l&rsquo;air qui est utilis\u00e9 comme moyen de diffusion pour le chauffage de la pi\u00e8ce, et c&rsquo;est ce qui permet un r\u00e9chauffement de la zone habit\u00e9e constant et homog\u00e8ne. Tout cela conduit, en fin de compte, \u00e0 un bien meilleur confort avec un apport de chaleur bien plus efficace que celui qu&rsquo;apporterait un chauffage classique \u00e0 gaz ou \u00e0 huile. De plus, les rayons infrarouges sont \u00e9galement <strong>sans danger pour la sant\u00e9 des humains comme pour celles des animaux.<\/strong>[\/vc_column_text][\/vc_column][\/vc_row]","protected":false},"excerpt":{"rendered":"<p>[vc_row][vc_column][vc_column_text]M\u00e9canisme et physique d&rsquo;un chauffage \u00e0 infrarouge Le r\u00e9chauffement de la surface de la terre est un des processus physiques les plus importants et se base naturellement sur le rayonnement du soleil. D\u00e8s nous nous mettons au soleil ou que nous pla\u00e7ons un objet \u00e0 port\u00e9e de ses rayons, nous remarquons que celui-ci se r\u00e9chauffe.&hellip;<\/p>\n","protected":false},"author":6,"featured_media":0,"parent":0,"menu_order":0,"comment_status":"open","ping_status":"open","template":"","meta":[],"_links":{"self":[{"href":"https:\/\/firstheating.ch\/fr\/wp-json\/wp\/v2\/pages\/437"}],"collection":[{"href":"https:\/\/firstheating.ch\/fr\/wp-json\/wp\/v2\/pages"}],"about":[{"href":"https:\/\/firstheating.ch\/fr\/wp-json\/wp\/v2\/types\/page"}],"author":[{"embeddable":true,"href":"https:\/\/firstheating.ch\/fr\/wp-json\/wp\/v2\/users\/6"}],"replies":[{"embeddable":true,"href":"https:\/\/firstheating.ch\/fr\/wp-json\/wp\/v2\/comments?post=437"}],"version-history":[{"count":2,"href":"https:\/\/firstheating.ch\/fr\/wp-json\/wp\/v2\/pages\/437\/revisions"}],"predecessor-version":[{"id":439,"href":"https:\/\/firstheating.ch\/fr\/wp-json\/wp\/v2\/pages\/437\/revisions\/439"}],"wp:attachment":[{"href":"https:\/\/firstheating.ch\/fr\/wp-json\/wp\/v2\/media?parent=437"}],"curies":[{"name":"wp","href":"https:\/\/api.w.org\/{rel}","templated":true}]}}